{"id":6,"date":"2024-06-27T22:39:13","date_gmt":"2024-06-27T20:39:13","guid":{"rendered":"https:\/\/mickalova.tumasweb.cz\/?page_id=6"},"modified":"2024-07-01T21:36:14","modified_gmt":"2024-07-01T19:36:14","slug":"hlavni-stranka","status":"publish","type":"page","link":"https:\/\/mickalova.tumasweb.cz\/","title":{"rendered":"Hlavn\u00ed str\u00e1nka"},"content":{"rendered":"\n<div class=\"wp-block-group alignfull has-global-padding is-layout-constrained wp-container-core-group-is-layout-7db9d80f wp-block-group-is-layout-constrained\" style=\"padding-right:0;padding-left:0\">\n<div class=\"wp-block-columns alignfull is-layout-flex wp-container-core-columns-is-layout-28f84493 wp-block-columns-is-layout-flex\">\n<div class=\"wp-block-column is-layout-flow wp-container-core-column-is-layout-b674dc80 wp-block-column-is-layout-flow\" style=\"padding-left:0\">\n<div class=\"wp-block-group hero-content is-vertical is-layout-flex wp-container-core-group-is-layout-7d26d641 wp-block-group-is-layout-flex\" style=\"padding-right:var(--wp--preset--spacing--40);padding-left:var(--wp--preset--spacing--40)\">\n<div style=\"height:0px\" aria-hidden=\"true\" class=\"wp-block-spacer wp-container-content-3cb20bc8\"><\/div>\n\n\n\n<figure class=\"wp-block-image size-full is-resized\"><img loading=\"lazy\" decoding=\"async\" width=\"544\" height=\"118\" src=\"https:\/\/mickalova.tumasweb.cz\/wp-content\/uploads\/2024\/06\/DanielaMickalova-compressed.png\" alt=\"Daniela Mi\u010dkalov\u00e1 - Kosmetika\" class=\"wp-image-29\" style=\"width:280px\" srcset=\"https:\/\/mickalova.tumasweb.cz\/wp-content\/uploads\/2024\/06\/DanielaMickalova-compressed.png 544w, https:\/\/mickalova.tumasweb.cz\/wp-content\/uploads\/2024\/06\/DanielaMickalova-compressed-300x65.png 300w\" sizes=\"auto, (max-width: 544px) 100vw, 544px\" \/><\/figure>\n\n\n\n<h1 class=\"wp-block-heading hero-title\" style=\"padding-top:var(--wp--preset--spacing--50);padding-bottom:var(--wp--preset--spacing--50);line-height:1\">Nechte <br>svou kr\u00e1su<br>vyniknout<\/h1>\n<\/div>\n<\/div>\n\n\n\n<div class=\"wp-block-column is-layout-flow wp-block-column-is-layout-flow\">\n<figure class=\"wp-block-image size-large has-custom-border\"><img loading=\"lazy\" decoding=\"async\" width=\"1024\" height=\"683\" src=\"https:\/\/mickalova.tumasweb.cz\/wp-content\/uploads\/2024\/06\/pexels-gustavo-fring-3985331-compressed-1024x683.jpg\" alt=\"\" class=\"wp-image-27\" style=\"border-bottom-left-radius:2rem\" srcset=\"https:\/\/mickalova.tumasweb.cz\/wp-content\/uploads\/2024\/06\/pexels-gustavo-fring-3985331-compressed-1024x683.jpg 1024w, https:\/\/mickalova.tumasweb.cz\/wp-content\/uploads\/2024\/06\/pexels-gustavo-fring-3985331-compressed-300x200.jpg 300w, https:\/\/mickalova.tumasweb.cz\/wp-content\/uploads\/2024\/06\/pexels-gustavo-fring-3985331-compressed-768x512.jpg 768w, https:\/\/mickalova.tumasweb.cz\/wp-content\/uploads\/2024\/06\/pexels-gustavo-fring-3985331-compressed-1536x1024.jpg 1536w, https:\/\/mickalova.tumasweb.cz\/wp-content\/uploads\/2024\/06\/pexels-gustavo-fring-3985331-compressed.jpg 1920w\" sizes=\"auto, (max-width: 1024px) 100vw, 1024px\" \/><\/figure>\n<\/div>\n<\/div>\n\n\n\n<div class=\"wp-block-columns alignfull is-layout-flex wp-container-core-columns-is-layout-28f84493 wp-block-columns-is-layout-flex\">\n<div class=\"wp-block-column is-layout-flow wp-block-column-is-layout-flow\" style=\"padding-right:0;padding-left:0;flex-basis:50%\">\n<div class=\"wp-block-group hero-content is-vertical is-layout-flex wp-container-core-group-is-layout-1962b265 wp-block-group-is-layout-flex\" style=\"padding-right:var(--wp--preset--spacing--40);padding-left:var(--wp--preset--spacing--40)\">\n<div class=\"wp-block-group has-contrast-2-color has-text-color has-link-color wp-elements-34681fe7e3aefead9c6d55afa5f30b0b is-nowrap is-layout-flex wp-container-core-group-is-layout-877c468d wp-block-group-is-layout-flex\">\n<div class=\"wp-block-group is-nowrap is-layout-flex wp-container-core-group-is-layout-509d8e3e wp-block-group-is-layout-flex\">\n<p><i class=\"fas fa-house\"><\/i><\/p>\n\n\n\n<p>Kosmetick\u00fd sal\u00f3n<\/p>\n<\/div>\n\n\n\n<div class=\"wp-block-group is-nowrap is-layout-flex wp-container-core-group-is-layout-509d8e3e wp-block-group-is-layout-flex\">\n<p><i class=\"fas fa-map-location-dot\"><\/i><\/p>\n\n\n\n<p>Ro\u017enov pod Radho\u0161t\u011bm<\/p>\n<\/div>\n<\/div>\n\n\n\n<div style=\"height:0px\" aria-hidden=\"true\" class=\"wp-block-spacer wp-container-content-5cee9cb3\"><\/div>\n\n\n\n<p style=\"font-size:clamp(0.875rem, 0.875rem + ((1vw - 0.2rem) * 0.625), 1.25rem);\">Specializuji se na p\u00e9\u010di o ple\u0165, kter\u00e1 v\u00e1s omlad\u00ed a osv\u011b\u017e\u00ed.<br>Objednejte si je\u0161t\u011b dnes a za\u010dn\u011bte cestu k dokonal\u00e9 kr\u00e1se.<\/p>\n\n\n\n<p class=\"has-contrast-3-color has-text-color has-link-color wp-elements-994ca846390e6ca054b52161214536a1\" style=\"font-style:italic;font-weight:400\">Daniela Mi\u010dkalov\u00e1<\/p>\n<\/div>\n<\/div>\n\n\n\n<div class=\"wp-block-column is-layout-flow wp-block-column-is-layout-flow\" style=\"flex-basis:50%\">\n<div class=\"wp-block-group has-contrast-2-color has-text-color has-link-color wp-elements-17837014e8d9eda8ce5a9138696c14cc is-nowrap is-layout-flex wp-container-core-group-is-layout-877c468d wp-block-group-is-layout-flex\">\n<div class=\"wp-block-group is-nowrap is-layout-flex wp-container-core-group-is-layout-6c531013 wp-block-group-is-layout-flex\">\n<p style=\"font-size:clamp(0.984rem, 0.984rem + ((1vw - 0.2rem) * 0.86), 1.5rem);\"><a rel=\"noopener nofollow\" target=\"_blank\" href=\"https:\/\/www.facebook.com\/kosmetikabeautydanielamickalova\" class=\"wp-block-social-link-anchor\"><i class=\"fab fa-facebook\"><\/i><\/a><\/p>\n\n\n\n<p style=\"font-size:clamp(0.984rem, 0.984rem + ((1vw - 0.2rem) * 0.86), 1.5rem);\"><a rel=\"noopener nofollow\" target=\"_blank\" href=\"https:\/\/www.instagram.com\/kosmetika.danielamickalova\/\" class=\"wp-block-social-link-anchor\"><i class=\"fab fa-instagram\"><\/i><\/a><\/p>\n<\/div>\n\n\n\n<div class=\"wp-block-group is-nowrap is-layout-flex wp-container-core-group-is-layout-509d8e3e wp-block-group-is-layout-flex\">\n<p><i class=\"fas fa-mobile-screen-button\"><\/i><\/p>\n\n\n\n<p class=\"has-contrast-2-color has-text-color has-link-color wp-elements-8afa1bc5dd239aa918c86f4bc9ac6724\" style=\"font-style:normal;font-weight:700\">+420 789 465 123<\/p>\n<\/div>\n<\/div>\n\n\n\n<div style=\"height:1rem\" aria-hidden=\"true\" class=\"wp-block-spacer\"><\/div>\n\n\n\n<div class=\"wp-block-buttons is-layout-flex wp-container-core-buttons-is-layout-1a313f71 wp-block-buttons-is-layout-flex\">\n<div class=\"wp-block-button has-custom-font-size has-medium-font-size\"><a class=\"wp-block-button__link wp-element-button\" style=\"padding-right:var(--wp--preset--spacing--30);padding-left:var(--wp--preset--spacing--30)\">Objednat<\/a><\/div>\n\n\n\n<div class=\"wp-block-button has-custom-font-size is-style-outline has-medium-font-size is-style-outline--1\"><a class=\"wp-block-button__link wp-element-button\" style=\"padding-right:var(--wp--preset--spacing--30);padding-left:var(--wp--preset--spacing--30)\">Slu\u017eby<\/a><\/div>\n\n\n\n<div class=\"wp-block-button has-custom-font-size is-style-outline has-medium-font-size is-style-outline--2\"><a class=\"wp-block-button__link wp-element-button\" style=\"padding-right:var(--wp--preset--spacing--30);padding-left:var(--wp--preset--spacing--30)\">Kontakt<\/a><\/div>\n<\/div>\n<\/div>\n<\/div>\n<\/div>\n\n\n\n<div style=\"height:8rem\" aria-hidden=\"true\" class=\"wp-block-spacer\"><\/div>\n\n\n\n<div class=\"wp-block-group alignfull has-base-2-background-color has-background has-global-padding is-layout-constrained wp-container-core-group-is-layout-3f3c29c8 wp-block-group-is-layout-constrained\" style=\"padding-top:var(--wp--preset--spacing--40);padding-right:var(--wp--preset--spacing--40);padding-bottom:var(--wp--preset--spacing--40);padding-left:var(--wp--preset--spacing--40)\">\n<div class=\"wp-block-columns alignwide is-layout-flex wp-container-core-columns-is-layout-7fc3d43a wp-block-columns-is-layout-flex\">\n<div class=\"wp-block-column is-layout-flow wp-block-column-is-layout-flow\">\n<h3 class=\"wp-block-heading has-text-align-center has-contrast-2-color has-text-color has-link-color wp-elements-c7810b5be00bc76d4cbc61368cc3ce32\">Omlazen\u00ed<\/h3>\n\n\n\n<p class=\"has-text-align-center\">Spole\u010dn\u011b vyhlad\u00edme vr\u00e1sky a obnov\u00edme mladistv\u00fd vzhled va\u0161\u00ed pleti.<\/p>\n<\/div>\n\n\n\n<div class=\"wp-block-column is-layout-flow wp-block-column-is-layout-flow\">\n<h3 class=\"wp-block-heading has-text-align-center has-contrast-2-color has-text-color has-link-color wp-elements-15a04536df3ec94db08b7c81c8214e1d\">Uzdraven\u00ed pleti<\/h3>\n\n\n\n<p class=\"has-text-align-center\">Pomohu v\u00e1m zbavit se akn\u00e9 a uzdravit problematickou ple\u0165.<\/p>\n<\/div>\n\n\n\n<div class=\"wp-block-column is-layout-flow wp-block-column-is-layout-flow\">\n<h3 class=\"wp-block-heading has-text-align-center has-contrast-2-color has-text-color has-link-color wp-elements-392df9d989e697c69a3d282588648726\">Zv\u00fdrazn\u011bn\u00ed kr\u00e1sy<\/h3>\n\n\n\n<p class=\"has-text-align-center\">Pomohu v\u00e1m zbavit se akn\u00e9 a uzdravit problematickou ple\u0165.<\/p>\n<\/div>\n<\/div>\n<\/div>\n\n\n\n<div style=\"height:8rem\" aria-hidden=\"true\" class=\"wp-block-spacer\"><\/div>\n\n\n\n<div class=\"wp-block-group has-global-padding is-layout-constrained wp-block-group-is-layout-constrained\">\n<div class=\"wp-block-columns is-layout-flex wp-container-core-columns-is-layout-9fa5bd33 wp-block-columns-is-layout-flex\" style=\"padding-right:0;padding-left:0\">\n<div class=\"wp-block-column is-layout-flow wp-block-column-is-layout-flow\" style=\"flex-basis:33.33%\">\n<figure class=\"wp-block-image size-large has-custom-border\"><img loading=\"lazy\" decoding=\"async\" width=\"1024\" height=\"683\" src=\"http:\/\/mickalova.tumasweb.cz\/wp-content\/uploads\/2024\/06\/pexels-gustavo-fring-3985331-compressed-1024x683.jpg\" alt=\"\" class=\"wp-image-27\" style=\"border-radius:100%;aspect-ratio:1;object-fit:cover\" srcset=\"https:\/\/mickalova.tumasweb.cz\/wp-content\/uploads\/2024\/06\/pexels-gustavo-fring-3985331-compressed-1024x683.jpg 1024w, https:\/\/mickalova.tumasweb.cz\/wp-content\/uploads\/2024\/06\/pexels-gustavo-fring-3985331-compressed-300x200.jpg 300w, https:\/\/mickalova.tumasweb.cz\/wp-content\/uploads\/2024\/06\/pexels-gustavo-fring-3985331-compressed-768x512.jpg 768w, https:\/\/mickalova.tumasweb.cz\/wp-content\/uploads\/2024\/06\/pexels-gustavo-fring-3985331-compressed-1536x1024.jpg 1536w, https:\/\/mickalova.tumasweb.cz\/wp-content\/uploads\/2024\/06\/pexels-gustavo-fring-3985331-compressed.jpg 1920w\" sizes=\"auto, (max-width: 1024px) 100vw, 1024px\" \/><\/figure>\n<\/div>\n\n\n\n<div class=\"wp-block-column is-layout-flow wp-block-column-is-layout-flow\" style=\"flex-basis:66.66%\">\n<h3 class=\"wp-block-heading has-contrast-2-color has-text-color has-link-color wp-elements-be055d22e2611821f3e9e284ff0c6266\">Daniela Mi\u010dkalov\u00e1<\/h3>\n\n\n\n<p class=\"has-contrast-3-color has-text-color has-link-color wp-elements-0df0d3c6d7414e331722924272aac9f2\" style=\"margin-top:0;margin-bottom:0\">I\u010cO: 19487282&nbsp;<\/p>\n\n\n\n<div style=\"height:var(--wp--preset--spacing--20)\" aria-hidden=\"true\" class=\"wp-block-spacer\"><\/div>\n\n\n\n<div class=\"wp-block-group is-nowrap is-layout-flex wp-container-core-group-is-layout-6c531013 wp-block-group-is-layout-flex\">\n<p class=\"has-contrast-3-color has-text-color has-link-color wp-elements-d2cb4b2ca847d9bd2defdf2424c89c8e\"><i class=\"fas fa-envelope\"><\/i><\/p>\n\n\n\n<p>danymickal@seznam.cz<\/p>\n<\/div>\n\n\n\n<div class=\"wp-block-group is-nowrap is-layout-flex wp-container-core-group-is-layout-124389f6 wp-block-group-is-layout-flex\" style=\"margin-top:0.5rem;margin-bottom:0\">\n<p class=\"has-contrast-3-color has-text-color has-link-color wp-elements-4f00d3dc376d6c9f912f945e85ca7f71\"><i class=\"fas fa-mobile-screen-button\"><\/i><\/p>\n\n\n\n<p>+420 737 629 433<\/p>\n<\/div>\n\n\n\n<div style=\"height:var(--wp--preset--spacing--20)\" aria-hidden=\"true\" class=\"wp-block-spacer\"><\/div>\n\n\n\n<div class=\"wp-block-group is-horizontal is-content-justification-left is-nowrap is-layout-flex wp-container-core-group-is-layout-8ad9adab wp-block-group-is-layout-flex\">\n<p class=\"has-contrast-3-color has-text-color has-link-color wp-elements-0465933cb1471be04e9c9e694e2a4769\"><i class=\"fas fa-location-dot\"><\/i><\/p>\n\n\n\n<p>\u010cechova 479<br>Ro\u017enov pod Radho\u0161t\u011bm<br>756 61<\/p>\n<\/div>\n<\/div>\n<\/div>\n\n\n\n<figure class=\"wp-block-image size-large has-custom-border\"><img loading=\"lazy\" decoding=\"async\" width=\"1024\" height=\"683\" src=\"http:\/\/mickalova.tumasweb.cz\/wp-content\/uploads\/2024\/06\/pexels-gustavo-fring-3985331-compressed-1024x683.jpg\" alt=\"\" class=\"wp-image-27\" style=\"border-radius:1rem\" srcset=\"https:\/\/mickalova.tumasweb.cz\/wp-content\/uploads\/2024\/06\/pexels-gustavo-fring-3985331-compressed-1024x683.jpg 1024w, https:\/\/mickalova.tumasweb.cz\/wp-content\/uploads\/2024\/06\/pexels-gustavo-fring-3985331-compressed-300x200.jpg 300w, https:\/\/mickalova.tumasweb.cz\/wp-content\/uploads\/2024\/06\/pexels-gustavo-fring-3985331-compressed-768x512.jpg 768w, https:\/\/mickalova.tumasweb.cz\/wp-content\/uploads\/2024\/06\/pexels-gustavo-fring-3985331-compressed-1536x1024.jpg 1536w, https:\/\/mickalova.tumasweb.cz\/wp-content\/uploads\/2024\/06\/pexels-gustavo-fring-3985331-compressed.jpg 1920w\" sizes=\"auto, (max-width: 1024px) 100vw, 1024px\" \/><\/figure>\n<\/div>\n\n\n\n<div style=\"height:8rem\" aria-hidden=\"true\" class=\"wp-block-spacer\"><\/div>\n","protected":false},"excerpt":{"rendered":"<p>Nechte svou kr\u00e1suvyniknout Kosmetick\u00fd sal\u00f3n Ro\u017enov pod Radho\u0161t\u011bm Specializuji se na p\u00e9\u010di o ple\u0165, kter\u00e1 v\u00e1s omlad\u00ed a osv\u011b\u017e\u00ed.Objednejte si je\u0161t\u011b dnes a za\u010dn\u011bte cestu k dokonal\u00e9 kr\u00e1se. Daniela Mi\u010dkalov\u00e1 +420 789 465 123 Omlazen\u00ed Spole\u010dn\u011b vyhlad\u00edme vr\u00e1sky a obnov\u00edme mladistv\u00fd vzhled va\u0161\u00ed pleti. Uzdraven\u00ed pleti Pomohu v\u00e1m zbavit se akn\u00e9 a uzdravit problematickou ple\u0165. [&hellip;]<\/p>\n","protected":false},"author":1,"featured_media":0,"parent":0,"menu_order":0,"comment_status":"closed","ping_status":"closed","template":"wp-custom-template-hlavn-str-nka","meta":{"footnotes":""},"class_list":["post-6","page","type-page","status-publish","hentry"],"_links":{"self":[{"href":"https:\/\/mickalova.tumasweb.cz\/index.php\/wp-json\/wp\/v2\/pages\/6","targetHints":{"allow":["GET"]}}],"collection":[{"href":"https:\/\/mickalova.tumasweb.cz\/index.php\/wp-json\/wp\/v2\/pages"}],"about":[{"href":"https:\/\/mickalova.tumasweb.cz\/index.php\/wp-json\/wp\/v2\/types\/page"}],"author":[{"embeddable":true,"href":"https:\/\/mickalova.tumasweb.cz\/index.php\/wp-json\/wp\/v2\/users\/1"}],"replies":[{"embeddable":true,"href":"https:\/\/mickalova.tumasweb.cz\/index.php\/wp-json\/wp\/v2\/comments?post=6"}],"version-history":[{"count":71,"href":"https:\/\/mickalova.tumasweb.cz\/index.php\/wp-json\/wp\/v2\/pages\/6\/revisions"}],"predecessor-version":[{"id":161,"href":"https:\/\/mickalova.tumasweb.cz\/index.php\/wp-json\/wp\/v2\/pages\/6\/revisions\/161"}],"wp:attachment":[{"href":"https:\/\/mickalova.tumasweb.cz\/index.php\/wp-json\/wp\/v2\/media?parent=6"}],"curies":[{"name":"wp","href":"https:\/\/api.w.org\/{rel}","templated":true}]}}